{"id":24,"date":"2015-11-29T17:25:48","date_gmt":"2015-11-29T16:25:48","guid":{"rendered":"http:\/\/vfbpetterweil.de\/?page_id=24"},"modified":"2020-11-17T07:42:56","modified_gmt":"2020-11-17T06:42:56","slug":"impressum","status":"publish","type":"page","link":"https:\/\/vfbpetterweil.de\/main\/impressum\/","title":{"rendered":"Kontakt \/ Impressum"},"content":{"rendered":"\n<div class=\"wpcf7 no-js\" id=\"wpcf7-f71-o1\" lang=\"de-DE\" dir=\"ltr\">\n<div class=\"screen-reader-response\"><p role=\"status\" aria-live=\"polite\" aria-atomic=\"true\"><\/p> <ul><\/ul><\/div>\n<form action=\"\/main\/wp-json\/wp\/v2\/pages\/24#wpcf7-f71-o1\" method=\"post\" class=\"wpcf7-form init\" aria-label=\"Kontaktformular\" novalidate=\"novalidate\" data-status=\"init\">\n<div style=\"display: none;\">\n<input type=\"hidden\" name=\"_wpcf7\" value=\"71\" \/>\n<input type=\"hidden\" name=\"_wpcf7_version\" value=\"5.8.1\" \/>\n<input type=\"hidden\" name=\"_wpcf7_locale\" value=\"de_DE\" \/>\n<input type=\"hidden\" name=\"_wpcf7_unit_tag\" value=\"wpcf7-f71-o1\" \/>\n<input type=\"hidden\" name=\"_wpcf7_container_post\" value=\"0\" \/>\n<input type=\"hidden\" name=\"_wpcf7_posted_data_hash\" value=\"\" \/>\n<input type=\"hidden\" name=\"_wpcf7_recaptcha_response\" value=\"\" \/>\n<\/div>\n<p>Ihr Name (Pflichtfeld)\n<\/p>\n<p><span class=\"wpcf7-form-control-wrap\" data-name=\"your-name\"><input size=\"40\" class=\"wpcf7-form-control wpcf7-text wpcf7-validates-as-required\" aria-required=\"true\" aria-invalid=\"false\" value=\"\" type=\"text\" name=\"your-name\" \/><\/span>\n<\/p>\n<p>Ihre E-Mail-Adresse (Pflichtfeld)\n<\/p>\n<p><span class=\"wpcf7-form-control-wrap\" data-name=\"your-email\"><input size=\"40\" class=\"wpcf7-form-control wpcf7-email wpcf7-validates-as-required wpcf7-text wpcf7-validates-as-email\" aria-required=\"true\" aria-invalid=\"false\" value=\"\" type=\"email\" name=\"your-email\" \/><\/span>\n<\/p>\n<p>Betreff\n<\/p>\n<p><span class=\"wpcf7-form-control-wrap\" data-name=\"your-subject\"><input size=\"40\" class=\"wpcf7-form-control wpcf7-text\" aria-invalid=\"false\" value=\"\" type=\"text\" name=\"your-subject\" \/><\/span>\n<\/p>\n<p>Ihre Nachricht\n<\/p>\n<p><span class=\"wpcf7-form-control-wrap\" data-name=\"your-message\"><textarea cols=\"40\" rows=\"10\" class=\"wpcf7-form-control wpcf7-textarea\" aria-invalid=\"false\" name=\"your-message\"><\/textarea><\/span>\n<\/p>\n<p><input class=\"wpcf7-form-control wpcf7-submit has-spinner\" type=\"submit\" value=\"Senden\" \/>\n<\/p><p style=\"display: none !important;\"><label>&#916;<textarea name=\"_wpcf7_ak_hp_textarea\" cols=\"45\" rows=\"8\" maxlength=\"100\"><\/textarea><\/label><input type=\"hidden\" id=\"ak_js_1\" name=\"_wpcf7_ak_js\" value=\"210\"\/><script>document.getElementById( \"ak_js_1\" ).setAttribute( \"value\", ( new Date() ).getTime() );<\/script><\/p><input type='hidden' class='wpcf7-pum' value='{\"closepopup\":false,\"closedelay\":0,\"openpopup\":false,\"openpopup_id\":0}' \/><div class=\"wpcf7-response-output\" aria-hidden=\"true\"><\/div>\n<\/form>\n<\/div>\n\n<h2>Impressum<\/h2>\n<p><strong>Vereinsname: <\/strong>VfB Rot-Wei\u00df 1969 Petterweil e. V.<\/p>\n<p><strong>Kontaktadresse:<\/strong> Egerstra\u00dfe 6, 61184 Karben<\/p>\n<p><strong>Vertretungsberechtigte: <\/strong>Simone Pfeil<\/p>\n<p><strong>Vereinsregisternummer Amtsgericht Frankfurt: <\/strong>12961<\/p>\n<p><strong>SEPA Gl\u00e4ubiger ID: <\/strong>DE07ZZZ00001081490<\/p>\n<p><strong>Inhaltlich Verantwortlicher: <\/strong>Simone Pfeil<\/p>\n<p><strong>Aktuelle Satzung Stand 16.12.2014: <a href=\"http:\/\/vfbpetterweil.de\/dokumente\/vfb_petterweil_satzung_finanzamt_2015_v3.pdf\" target=\"_blank\" rel=\"noopener noreferrer\">HIER KLICKEN<br \/>\n<\/a><\/strong><\/p>\n<h2>Hinweis zur inhaltlichen Verantwortlichkeit<\/h2>\n<p><strong><br \/>\n<span style=\"text-decoration: underline;\">Inhalt des Online-Angebots<\/span><\/strong><\/p>\n<p>Wir \u00fcbernehmen keinerlei Gew\u00e4hr f\u00fcr die Aktualit\u00e4t, Korrektheit, Vollst\u00e4ndigkeit oder Qualit\u00e4t der bereitgestellten Informationen. Wir behalten es uns ausdr\u00fccklich vor, Teile der Seiten oder das gesamte Angebot ohne gesonderte Ank\u00fcndigung zu ver\u00e4ndern, zu erg\u00e4nzen, zu l\u00f6schen oder die Ver\u00f6ffentlichung zeitweise oder endg\u00fcltig einzustellen.<\/p>\n<p><span style=\"text-decoration: underline;\"><strong>Verweise und Links<\/strong><\/span><\/p>\n<p>Die auf unseren Seiten befindliche externen Links (= direkte oder indirekte Verweise auf andere Internet-Seiten) f\u00fchren zu fremden Inhalten der jeweiligen Anbieten. Wir haben keinerlei Einfluss auf die dort bereitgehaltenen fremden Inhalte. Dort abrufbare \u00c4u\u00dferungen sind stets die des jeweiligen Anbieters der verlinkten Seiten.Soweit wir die dortigen Inhalte nicht ausdr\u00fccklich zustimmend kommentieren, machen wir uns die so zitierten Seiten nicht zueigen &#8211; die jeweilige Verlinkung erfolgt lediglich zur m\u00f6glichst umfassenden Information \u00fcber eine Sachfrage, evtl. auch unter Einbeziehung vielf\u00e4ltiger oder im Einzelfall sogar zweifelhafter Meinungen.Verletzungen von Urheber-, Marken- oder Pers\u00f6nlichkeitsrechten oder Verst\u00f6\u00dfe gegen das Wettbewerbsrecht auf den WWW-Seiten der von dieser Seite aus aufrufbaren Drittanbieter waren uns zum Zeitpunkt der Link-Setzung ebenso wenig bekannt wie eine dortige Erf\u00fcllung von Straftatbest\u00e4nden oder sonst illegalen Inhalten.Die Links werden in unregelm\u00e4\u00dfigen Abst\u00e4nden \u00fcberpr\u00fcft; Stichproben erfolgen regelm\u00e4\u00dfig. F\u00fcr illegale, fehlerhafte oder unvollst\u00e4ndige Inhalte und insbesondere f\u00fcr Sch\u00e4den, die aus der Nutzung oder Nicht-Nutzung solcherart dargebotener Informationen entstehen, haftet allein der Anbieter der Seite, auf welche verwiesen wurde.<\/p>\n<p><span style=\"text-decoration: underline;\"><strong>Urheber- und Kennzeichenrechte<\/strong><\/span><\/p>\n<p>Alle innerhalb der von uns verantworteten Seiten genannten und ggf. durch Dritte gesch\u00fctzten Marken- und Warenzeichen unterliegen uneingeschr\u00e4nkt den Bestimmungen des jeweils g\u00fcltigen Kennzeichenrechts und den Rechten der jeweiligen eingetragenen Eigent\u00fcmer.Allein aufgrund der blo\u00dfen Nennung ist nicht der Schluss zu ziehen, dass Markenzeichen nicht durch Rechte Dritter gesch\u00fctzt sind.<\/p>\n","protected":false},"excerpt":{"rendered":"<p>Impressum Vereinsname: VfB Rot-Wei\u00df 1969 Petterweil e. V. Kontaktadresse: Egerstra\u00dfe 6, 61184 Karben Vertretungsberechtigte: Simone Pfeil Vereinsregisternummer Amtsgericht Frankfurt: 12961 SEPA Gl\u00e4ubiger ID: DE07ZZZ00001081490 Inhaltlich [&#8230;]<\/p>\n","protected":false},"author":1,"featured_media":0,"parent":0,"menu_order":6,"comment_status":"closed","ping_status":"closed","template":"","meta":{"footnotes":"","_links_to":"","_links_to_target":""},"_links":{"self":[{"href":"https:\/\/vfbpetterweil.de\/main\/wp-json\/wp\/v2\/pages\/24"}],"collection":[{"href":"https:\/\/vfbpetterweil.de\/main\/wp-json\/wp\/v2\/pages"}],"about":[{"href":"https:\/\/vfbpetterweil.de\/main\/wp-json\/wp\/v2\/types\/page"}],"author":[{"embeddable":true,"href":"https:\/\/vfbpetterweil.de\/main\/wp-json\/wp\/v2\/users\/1"}],"replies":[{"embeddable":true,"href":"https:\/\/vfbpetterweil.de\/main\/wp-json\/wp\/v2\/comments?post=24"}],"version-history":[{"count":14,"href":"https:\/\/vfbpetterweil.de\/main\/wp-json\/wp\/v2\/pages\/24\/revisions"}],"predecessor-version":[{"id":1356,"href":"https:\/\/vfbpetterweil.de\/main\/wp-json\/wp\/v2\/pages\/24\/revisions\/1356"}],"wp:attachment":[{"href":"https:\/\/vfbpetterweil.de\/main\/wp-json\/wp\/v2\/media?parent=24"}],"curies":[{"name":"wp","href":"https:\/\/api.w.org\/{rel}","templated":true}]}}