{"id":40,"date":"2015-11-29T18:19:40","date_gmt":"2015-11-29T17:19:40","guid":{"rendered":"http:\/\/vfbpetterweil.de\/main\/?page_id=40"},"modified":"2026-01-25T14:02:29","modified_gmt":"2026-01-25T13:02:29","slug":"vermietung-vereinsheim","status":"publish","type":"page","link":"https:\/\/vfbpetterweil.de\/main\/vermietung-vereinsheim\/","title":{"rendered":"Vermietung Vereinsheim"},"content":{"rendered":"\r\n<div class=\"wp-block-file\">\u00a0<\/div>\r\n\r\n<p><strong>Sie k\u00f6nnen unser Vereinsheim f\u00fcr private Feiern mieten<\/strong><\/p>\r\n<p>Ausstattung des Vereinsheimes:<\/p>\r\n<ul>\r\n<li>Saalgr\u00f6\u00dfe Clubraum &#8211; ca. 80 m\u00b2<\/li>\r\n<li>Bestuhlung &#8211; ca. 50-60 St\u00fchle<\/li>\r\n<li>5 Bierzeltgarnituren (Tische 80cm breit)<\/li>\r\n<li>3 Stehtische mit Hussen und Barhockern (Stuhl- sowie Stehtisch-Hussen in wei\u00df f\u00fcr Hochzeiten)<\/li>\r\n<li>Damen-, Herren- und Behinderten Toilette<\/li>\r\n<li>K\u00fcche mit Geschirr, 2 Sp\u00fclmaschinen, Herd mit Backofen, K\u00fchlschrank, Kaffeemaschine, Hei\u00dfwasser-Bereiter, Mikrowelle<\/li>\r\n<li>Thekenbereich: K\u00fchltheke mit 4 Schubladen, 1 gro\u00dfer Getr\u00e4nkek\u00fchlschrank<\/li>\r\n<li>\u00dcberdachte Terrasse ca. 60 m\u00b2 (Innenhof)<\/li>\r\n<li>Parkpl\u00e4tze direkt vor dem Vereinsheim<\/li>\r\n<\/ul>\r\n<p>Die Bilder sowie ein Grundriss als PDF-Datei vermitteln einen ersten Eindruck<\/p>\r\n<p>von Clubraum, Nebenr\u00e4umen und Innenhof:<\/p>\r\n<p><a href=\"https:\/\/vfbpetterweil.de\/main\/wp-content\/uploads\/2026\/01\/VfB_Grundriss_Clubraum.pdf\">VfB_Grundriss_Clubraum<\/a><\/p>\r\n<p>Unser Vereinsheim ist ein Nichtrauchervereinsheim. Haustiere sind nicht erlaubt.<\/p>\r\n<p>Im Vermietungskalender ist die Verf\u00fcgbarkeit des Vereinsheimes sowie des Innenhofes ersichtlich.<\/p>\r\n<p>N\u00e4heres \u00fcber Mietbedingungen und Preise findet ihr folgend unter:<\/p>\r\n<p>1. Haus- und Benutzungsordnung:<\/p>\r\n<p><a href=\"http:\/\/vfbpetterweil.de\/main\/wp-content\/uploads\/2021\/05\/VfB_Haus_Benutzungsordnung_Vereinsheim.pdf\">VfB Haus &amp; Benutzungsordnung<\/a><\/p>\r\n<p>2. Miet- und Nutzungsvertrag Clubraum Vereinsheim:<\/p>\r\n<p><a href=\"https:\/\/vfbpetterweil.de\/main\/wp-content\/uploads\/2026\/01\/VfB_Miet_Nutzungsvertrag_Vereinsheim_260108.pdf\">VfB_Miet_Nutzungsvertrag_Vereinsheim_260108<\/a><\/p>\r\n<p>Anfragen zu Verf\u00fcgbarkeit oder Reservierungen hier:<\/p>\r\n<p><a class=\"popmake-1737\" href=\".\">Anfragen zur Vermietung<\/a><\/p>\r\n<p>&nbsp;<\/p>\r\n<hr \/>\r\n<p><strong>Sie suchen f\u00fcr die Feier noch einen Caterer oder einen Getr\u00e4nkelieferant? <\/strong><strong>Fragen Sie gerne unsere Sponsoren!<\/strong><\/p>\r\n<table border=\"0\">\r\n<tbody>\r\n<tr>\r\n<td><strong>Metzgerei Partyservice D\u00fcrr<\/strong><\/td>\r\n<td>\u00a0<\/td>\r\n<td><strong>Getr\u00e4nke August Wehrheim<br \/><\/strong><\/td>\r\n<\/tr>\r\n<tr>\r\n<td>Frankfurter Stra\u00dfe 191<\/td>\r\n<td>\u00a0<\/td>\r\n<td>Dieselstra\u00dfe 3<\/td>\r\n<\/tr>\r\n<tr>\r\n<td>61118 Bad Vilbel<\/td>\r\n<td>\u00a0<\/td>\r\n<td>61381 Friedrichsdorf<\/td>\r\n<\/tr>\r\n<tr>\r\n<td>Tel: 06101\/8151<\/td>\r\n<td>\u00a0<\/td>\r\n<td>Tel.: 06007\/917720<\/td>\r\n<\/tr>\r\n<tr>\r\n<td>Mail: info@metzgerei-duerr.de<\/td>\r\n<td>\u00a0<\/td>\r\n<td>Mail: info@august-wehrheim.de<\/td>\r\n<\/tr>\r\n<tr>\r\n<td>\u00a0<\/td>\r\n<td>\u00a0<\/td>\r\n<td>\u00a0<\/td>\r\n<\/tr>\r\n<tr>\r\n<td>\u00a0<\/td>\r\n<\/tr>\r\n<\/tbody>\r\n<\/table>\r\n<p><strong>Nutzen Sie auch die Produkte unseres Werbepartner Licher (Bitburger Gruppe)<\/strong><\/p>\r\n<div id='gallery-1' class='gallery galleryid-40 gallery-columns-3 gallery-size-thumbnail'><figure class='gallery-item'>\n\t\t\t<div class='gallery-icon portrait'>\n\t\t\t\t<a href='https:\/\/vfbpetterweil.de\/main\/vermietung-vereinsheim\/kueche_2\/'><img width=\"150\" height=\"150\" src=\"https:\/\/vfbpetterweil.de\/main\/wp-content\/uploads\/2019\/05\/K\u00fcche_2-e1558284042805-150x150.jpg\" class=\"attachment-thumbnail size-thumbnail\" alt=\"\" decoding=\"async\" aria-describedby=\"gallery-1-772\" loading=\"lazy\" \/><\/a>\n\t\t\t<\/div>\n\t\t\t\t<figcaption class='wp-caption-text gallery-caption' id='gallery-1-772'>\n\t\t\t\tThekenbereich\n\t\t\t\t<\/figcaption><\/figure><figure class='gallery-item'>\n\t\t\t<div class='gallery-icon landscape'>\n\t\t\t\t<a href='https:\/\/vfbpetterweil.de\/main\/vermietung-vereinsheim\/kueche_2-2\/'><img width=\"150\" height=\"150\" src=\"https:\/\/vfbpetterweil.de\/main\/wp-content\/uploads\/2024\/11\/Kueche_2-150x150.jpg\" class=\"attachment-thumbnail size-thumbnail\" alt=\"\" decoding=\"async\" aria-describedby=\"gallery-1-1854\" loading=\"lazy\" srcset=\"https:\/\/vfbpetterweil.de\/main\/wp-content\/uploads\/2024\/11\/Kueche_2-150x150.jpg 150w, https:\/\/vfbpetterweil.de\/main\/wp-content\/uploads\/2024\/11\/Kueche_2-25x25.jpg 25w, https:\/\/vfbpetterweil.de\/main\/wp-content\/uploads\/2024\/11\/Kueche_2-300x300.jpg 300w, https:\/\/vfbpetterweil.de\/main\/wp-content\/uploads\/2024\/11\/Kueche_2-90x90.jpg 90w, https:\/\/vfbpetterweil.de\/main\/wp-content\/uploads\/2024\/11\/Kueche_2-900x900.jpg 900w\" sizes=\"(max-width: 150px) 100vw, 150px\" \/><\/a>\n\t\t\t<\/div>\n\t\t\t\t<figcaption class='wp-caption-text gallery-caption' id='gallery-1-1854'>\n\t\t\t\tK\u00fcche\n\t\t\t\t<\/figcaption><\/figure><figure class='gallery-item'>\n\t\t\t<div class='gallery-icon portrait'>\n\t\t\t\t<a href='https:\/\/vfbpetterweil.de\/main\/vermietung-vereinsheim\/kueche_1\/'><img width=\"150\" height=\"150\" src=\"https:\/\/vfbpetterweil.de\/main\/wp-content\/uploads\/2019\/05\/K\u00fcche_1-e1558284018201-150x150.jpg\" class=\"attachment-thumbnail size-thumbnail\" alt=\"\" decoding=\"async\" aria-describedby=\"gallery-1-771\" loading=\"lazy\" \/><\/a>\n\t\t\t<\/div>\n\t\t\t\t<figcaption class='wp-caption-text gallery-caption' id='gallery-1-771'>\n\t\t\t\tK\u00fcche\n\t\t\t\t<\/figcaption><\/figure><figure class='gallery-item'>\n\t\t\t<div class='gallery-icon landscape'>\n\t\t\t\t<a href='https:\/\/vfbpetterweil.de\/main\/vermietung-vereinsheim\/vereinsheim_13\/'><img width=\"150\" height=\"150\" src=\"https:\/\/vfbpetterweil.de\/main\/wp-content\/uploads\/2015\/11\/vereinsheim_13-150x150.jpg\" class=\"attachment-thumbnail size-thumbnail\" alt=\"\" decoding=\"async\" aria-describedby=\"gallery-1-116\" loading=\"lazy\" \/><\/a>\n\t\t\t<\/div>\n\t\t\t\t<figcaption class='wp-caption-text gallery-caption' id='gallery-1-116'>\n\t\t\t\tInnenhof\n\t\t\t\t<\/figcaption><\/figure><figure class='gallery-item'>\n\t\t\t<div class='gallery-icon landscape'>\n\t\t\t\t<a href='https:\/\/vfbpetterweil.de\/main\/vermietung-vereinsheim\/vereinsheim_11\/'><img width=\"150\" height=\"150\" src=\"https:\/\/vfbpetterweil.de\/main\/wp-content\/uploads\/2015\/11\/vereinsheim_11-150x150.jpg\" class=\"attachment-thumbnail size-thumbnail\" alt=\"\" decoding=\"async\" aria-describedby=\"gallery-1-114\" loading=\"lazy\" \/><\/a>\n\t\t\t<\/div>\n\t\t\t\t<figcaption class='wp-caption-text gallery-caption' id='gallery-1-114'>\n\t\t\t\tInnenhof\n\t\t\t\t<\/figcaption><\/figure><figure class='gallery-item'>\n\t\t\t<div class='gallery-icon landscape'>\n\t\t\t\t<a href='https:\/\/vfbpetterweil.de\/main\/vermietung-vereinsheim\/vereinsheim_10\/'><img width=\"150\" height=\"150\" src=\"https:\/\/vfbpetterweil.de\/main\/wp-content\/uploads\/2015\/11\/vereinsheim_10-150x150.jpg\" class=\"attachment-thumbnail size-thumbnail\" alt=\"\" decoding=\"async\" aria-describedby=\"gallery-1-113\" loading=\"lazy\" \/><\/a>\n\t\t\t<\/div>\n\t\t\t\t<figcaption class='wp-caption-text gallery-caption' id='gallery-1-113'>\n\t\t\t\tInnenhof\n\t\t\t\t<\/figcaption><\/figure><figure class='gallery-item'>\n\t\t\t<div class='gallery-icon landscape'>\n\t\t\t\t<a href='https:\/\/vfbpetterweil.de\/main\/vermietung-vereinsheim\/vereinsheim_8\/'><img width=\"150\" height=\"150\" src=\"https:\/\/vfbpetterweil.de\/main\/wp-content\/uploads\/2015\/11\/vereinsheim_8-150x150.jpg\" class=\"attachment-thumbnail size-thumbnail\" alt=\"\" decoding=\"async\" aria-describedby=\"gallery-1-111\" loading=\"lazy\" \/><\/a>\n\t\t\t<\/div>\n\t\t\t\t<figcaption class='wp-caption-text gallery-caption' id='gallery-1-111'>\n\t\t\t\tFlur\n\t\t\t\t<\/figcaption><\/figure><figure class='gallery-item'>\n\t\t\t<div class='gallery-icon portrait'>\n\t\t\t\t<a href='https:\/\/vfbpetterweil.de\/main\/vermietung-vereinsheim\/damen_wc\/'><img width=\"150\" height=\"150\" src=\"https:\/\/vfbpetterweil.de\/main\/wp-content\/uploads\/2024\/11\/Damen_WC-150x150.jpg\" class=\"attachment-thumbnail size-thumbnail\" alt=\"\" decoding=\"async\" aria-describedby=\"gallery-1-1853\" loading=\"lazy\" srcset=\"https:\/\/vfbpetterweil.de\/main\/wp-content\/uploads\/2024\/11\/Damen_WC-150x150.jpg 150w, https:\/\/vfbpetterweil.de\/main\/wp-content\/uploads\/2024\/11\/Damen_WC-25x25.jpg 25w, https:\/\/vfbpetterweil.de\/main\/wp-content\/uploads\/2024\/11\/Damen_WC-300x300.jpg 300w, https:\/\/vfbpetterweil.de\/main\/wp-content\/uploads\/2024\/11\/Damen_WC-90x90.jpg 90w, https:\/\/vfbpetterweil.de\/main\/wp-content\/uploads\/2024\/11\/Damen_WC-900x900.jpg 900w\" sizes=\"(max-width: 150px) 100vw, 150px\" \/><\/a>\n\t\t\t<\/div>\n\t\t\t\t<figcaption class='wp-caption-text gallery-caption' id='gallery-1-1853'>\n\t\t\t\tDamen-WC\n\t\t\t\t<\/figcaption><\/figure><figure class='gallery-item'>\n\t\t\t<div class='gallery-icon landscape'>\n\t\t\t\t<a href='https:\/\/vfbpetterweil.de\/main\/vermietung-vereinsheim\/vereinsheim_7\/'><img width=\"150\" height=\"150\" src=\"https:\/\/vfbpetterweil.de\/main\/wp-content\/uploads\/2015\/11\/vereinsheim_7-150x150.jpg\" class=\"attachment-thumbnail size-thumbnail\" alt=\"\" decoding=\"async\" aria-describedby=\"gallery-1-110\" loading=\"lazy\" \/><\/a>\n\t\t\t<\/div>\n\t\t\t\t<figcaption class='wp-caption-text gallery-caption' id='gallery-1-110'>\n\t\t\t\tHerren-WC\n\t\t\t\t<\/figcaption><\/figure><figure class='gallery-item'>\n\t\t\t<div class='gallery-icon landscape'>\n\t\t\t\t<a href='https:\/\/vfbpetterweil.de\/main\/vermietung-vereinsheim\/vereinsheim_6\/'><img width=\"150\" height=\"150\" src=\"https:\/\/vfbpetterweil.de\/main\/wp-content\/uploads\/2015\/11\/vereinsheim_6-150x150.jpg\" class=\"attachment-thumbnail size-thumbnail\" alt=\"\" decoding=\"async\" aria-describedby=\"gallery-1-109\" loading=\"lazy\" \/><\/a>\n\t\t\t<\/div>\n\t\t\t\t<figcaption class='wp-caption-text gallery-caption' id='gallery-1-109'>\n\t\t\t\tClubraum\n\t\t\t\t<\/figcaption><\/figure><figure class='gallery-item'>\n\t\t\t<div class='gallery-icon landscape'>\n\t\t\t\t<a href='https:\/\/vfbpetterweil.de\/main\/vermietung-vereinsheim\/vereinsheim_5_5\/'><img width=\"150\" height=\"150\" src=\"https:\/\/vfbpetterweil.de\/main\/wp-content\/uploads\/2015\/11\/vereinsheim_5_5-150x150.jpg\" class=\"attachment-thumbnail size-thumbnail\" alt=\"\" decoding=\"async\" aria-describedby=\"gallery-1-108\" loading=\"lazy\" \/><\/a>\n\t\t\t<\/div>\n\t\t\t\t<figcaption class='wp-caption-text gallery-caption' id='gallery-1-108'>\n\t\t\t\tClubraum\n\t\t\t\t<\/figcaption><\/figure><figure class='gallery-item'>\n\t\t\t<div class='gallery-icon landscape'>\n\t\t\t\t<a href='https:\/\/vfbpetterweil.de\/main\/vermietung-vereinsheim\/vereinsheim_5\/'><img width=\"150\" height=\"150\" src=\"https:\/\/vfbpetterweil.de\/main\/wp-content\/uploads\/2015\/11\/vereinsheim_5-150x150.jpg\" class=\"attachment-thumbnail size-thumbnail\" alt=\"\" decoding=\"async\" aria-describedby=\"gallery-1-107\" loading=\"lazy\" \/><\/a>\n\t\t\t<\/div>\n\t\t\t\t<figcaption class='wp-caption-text gallery-caption' id='gallery-1-107'>\n\t\t\t\tClubraum\n\t\t\t\t<\/figcaption><\/figure><figure class='gallery-item'>\n\t\t\t<div class='gallery-icon landscape'>\n\t\t\t\t<a href='https:\/\/vfbpetterweil.de\/main\/vermietung-vereinsheim\/clubraum_hochzeit_2\/'><img width=\"150\" height=\"150\" src=\"https:\/\/vfbpetterweil.de\/main\/wp-content\/uploads\/2024\/11\/Clubraum_Hochzeit_2-150x150.jpg\" class=\"attachment-thumbnail size-thumbnail\" alt=\"\" decoding=\"async\" aria-describedby=\"gallery-1-1829\" loading=\"lazy\" srcset=\"https:\/\/vfbpetterweil.de\/main\/wp-content\/uploads\/2024\/11\/Clubraum_Hochzeit_2-150x150.jpg 150w, https:\/\/vfbpetterweil.de\/main\/wp-content\/uploads\/2024\/11\/Clubraum_Hochzeit_2-25x25.jpg 25w, https:\/\/vfbpetterweil.de\/main\/wp-content\/uploads\/2024\/11\/Clubraum_Hochzeit_2-300x300.jpg 300w, https:\/\/vfbpetterweil.de\/main\/wp-content\/uploads\/2024\/11\/Clubraum_Hochzeit_2-90x90.jpg 90w, https:\/\/vfbpetterweil.de\/main\/wp-content\/uploads\/2024\/11\/Clubraum_Hochzeit_2-900x900.jpg 900w\" sizes=\"(max-width: 150px) 100vw, 150px\" \/><\/a>\n\t\t\t<\/div>\n\t\t\t\t<figcaption class='wp-caption-text gallery-caption' id='gallery-1-1829'>\n\t\t\t\tClubraum Beispiel Hochzeit\n\t\t\t\t<\/figcaption><\/figure><figure class='gallery-item'>\n\t\t\t<div class='gallery-icon landscape'>\n\t\t\t\t<a href='https:\/\/vfbpetterweil.de\/main\/vermietung-vereinsheim\/clubraum_hochzeit_1\/'><img width=\"150\" height=\"150\" src=\"https:\/\/vfbpetterweil.de\/main\/wp-content\/uploads\/2024\/11\/Clubraum_Hochzeit_1-150x150.jpg\" class=\"attachment-thumbnail size-thumbnail\" alt=\"\" decoding=\"async\" aria-describedby=\"gallery-1-1828\" loading=\"lazy\" srcset=\"https:\/\/vfbpetterweil.de\/main\/wp-content\/uploads\/2024\/11\/Clubraum_Hochzeit_1-150x150.jpg 150w, https:\/\/vfbpetterweil.de\/main\/wp-content\/uploads\/2024\/11\/Clubraum_Hochzeit_1-25x25.jpg 25w, https:\/\/vfbpetterweil.de\/main\/wp-content\/uploads\/2024\/11\/Clubraum_Hochzeit_1-300x300.jpg 300w, https:\/\/vfbpetterweil.de\/main\/wp-content\/uploads\/2024\/11\/Clubraum_Hochzeit_1-90x90.jpg 90w, https:\/\/vfbpetterweil.de\/main\/wp-content\/uploads\/2024\/11\/Clubraum_Hochzeit_1-900x900.jpg 900w\" sizes=\"(max-width: 150px) 100vw, 150px\" \/><\/a>\n\t\t\t<\/div>\n\t\t\t\t<figcaption class='wp-caption-text gallery-caption' id='gallery-1-1828'>\n\t\t\t\tClubraum Beispiel Hochzeit\n\t\t\t\t<\/figcaption><\/figure><figure class='gallery-item'>\n\t\t\t<div class='gallery-icon landscape'>\n\t\t\t\t<a href='https:\/\/vfbpetterweil.de\/main\/vermietung-vereinsheim\/clubraum_hochzeit_3\/'><img width=\"150\" height=\"150\" src=\"https:\/\/vfbpetterweil.de\/main\/wp-content\/uploads\/2024\/11\/Clubraum_Hochzeit_3-150x150.jpg\" class=\"attachment-thumbnail size-thumbnail\" alt=\"\" decoding=\"async\" aria-describedby=\"gallery-1-1830\" loading=\"lazy\" srcset=\"https:\/\/vfbpetterweil.de\/main\/wp-content\/uploads\/2024\/11\/Clubraum_Hochzeit_3-150x150.jpg 150w, https:\/\/vfbpetterweil.de\/main\/wp-content\/uploads\/2024\/11\/Clubraum_Hochzeit_3-25x25.jpg 25w, https:\/\/vfbpetterweil.de\/main\/wp-content\/uploads\/2024\/11\/Clubraum_Hochzeit_3-300x300.jpg 300w, https:\/\/vfbpetterweil.de\/main\/wp-content\/uploads\/2024\/11\/Clubraum_Hochzeit_3-90x90.jpg 90w, https:\/\/vfbpetterweil.de\/main\/wp-content\/uploads\/2024\/11\/Clubraum_Hochzeit_3-900x900.jpg 900w\" sizes=\"(max-width: 150px) 100vw, 150px\" \/><\/a>\n\t\t\t<\/div>\n\t\t\t\t<figcaption class='wp-caption-text gallery-caption' id='gallery-1-1830'>\n\t\t\t\tClubraum Beispiel Hochzeit\n\t\t\t\t<\/figcaption><\/figure><figure class='gallery-item'>\n\t\t\t<div class='gallery-icon landscape'>\n\t\t\t\t<a href='https:\/\/vfbpetterweil.de\/main\/vermietung-vereinsheim\/vereinsheim_2\/'><img width=\"150\" height=\"150\" src=\"https:\/\/vfbpetterweil.de\/main\/wp-content\/uploads\/2015\/11\/vereinsheim_2-150x150.jpg\" class=\"attachment-thumbnail size-thumbnail\" alt=\"\" decoding=\"async\" aria-describedby=\"gallery-1-104\" loading=\"lazy\" \/><\/a>\n\t\t\t<\/div>\n\t\t\t\t<figcaption class='wp-caption-text gallery-caption' id='gallery-1-104'>\n\t\t\t\tParkplatz\n\t\t\t\t<\/figcaption><\/figure>\n\t\t<\/div>\n","protected":false},"excerpt":{"rendered":"<p>Sie k\u00f6nnen unser Vereinsheim f\u00fcr private Feiern mieten Ausstattung des Vereinsheimes: Saalgr\u00f6\u00dfe Clubraum &#8211; ca. 80 m\u00b2 Bestuhlung &#8211; ca. 50-60 St\u00fchle 5 Bierzeltgarnituren (Tische [&#8230;]<\/p>\n","protected":false},"author":19,"featured_media":0,"parent":0,"menu_order":5,"comment_status":"closed","ping_status":"closed","template":"templates\/template-sidebar-right.php","meta":{"footnotes":"","_links_to":"","_links_to_target":""},"_links":{"self":[{"href":"https:\/\/vfbpetterweil.de\/main\/wp-json\/wp\/v2\/pages\/40"}],"collection":[{"href":"https:\/\/vfbpetterweil.de\/main\/wp-json\/wp\/v2\/pages"}],"about":[{"href":"https:\/\/vfbpetterweil.de\/main\/wp-json\/wp\/v2\/types\/page"}],"author":[{"embeddable":true,"href":"https:\/\/vfbpetterweil.de\/main\/wp-json\/wp\/v2\/users\/19"}],"replies":[{"embeddable":true,"href":"https:\/\/vfbpetterweil.de\/main\/wp-json\/wp\/v2\/comments?post=40"}],"version-history":[{"count":41,"href":"https:\/\/vfbpetterweil.de\/main\/wp-json\/wp\/v2\/pages\/40\/revisions"}],"predecessor-version":[{"id":1919,"href":"https:\/\/vfbpetterweil.de\/main\/wp-json\/wp\/v2\/pages\/40\/revisions\/1919"}],"wp:attachment":[{"href":"https:\/\/vfbpetterweil.de\/main\/wp-json\/wp\/v2\/media?parent=40"}],"curies":[{"name":"wp","href":"https:\/\/api.w.org\/{rel}","templated":true}]}}