{"id":49,"date":"2015-11-29T18:34:42","date_gmt":"2015-11-29T17:34:42","guid":{"rendered":"http:\/\/vfbpetterweil.de\/main\/?page_id=49"},"modified":"2020-07-24T20:56:14","modified_gmt":"2020-07-24T18:56:14","slug":"jugend","status":"publish","type":"page","link":"https:\/\/vfbpetterweil.de\/main\/jugend\/","title":{"rendered":"Jugend"},"content":{"rendered":"<p><a href=\"http:\/\/vfbpetterweil.de\/main\/wp-content\/uploads\/2015\/11\/kontakt_logo.png\"><img decoding=\"async\" loading=\"lazy\" class=\"size-full wp-image-4 alignleft\" src=\"http:\/\/vfbpetterweil.de\/main\/wp-content\/uploads\/2015\/11\/kontakt_logo.png\" alt=\"\" width=\"250\" height=\"300\" \/><\/a>Herzlich Willkommen bei der Jugend des VfB Rot-Wei\u00df 1969 Petterweil e.V.<\/p>\n<p>Unser Verein bietet ab dem Alter von 4 Jahren Jungen und M\u00e4dchen die M\u00f6glichkeit Fu\u00dfball zu spielen.<\/p>\n<p>Seit 1969 leistet der VfB Petterweil hervorragende Jugendarbeit.<\/p>\n<p>Der Geburtenr\u00fcckgang hat aber auch bei uns Spuren hinterlassen, so dass wir uns schon seit einigen Jahren mit der SG Rodheim zu einer Spielgemeinschaft zusammengeschlossen haben. So ist es m\u00f6glich, ab der G-Jugend (ab 4. Lebensjahr) Jugendarbeit leisten zu k\u00f6nnen.<\/p>\n<p>Hier auf dieser Seite erfahren Sie mehr \u00fcber uns, die Mannschaften, Ergebnisse und wie Sie und Ihre Kinder mit uns viel Spa\u00df und Freude am Fu\u00dfballspiel haben k\u00f6nnen.<\/p>\n<p>F\u00fcr die Intensivierung der Jugendarbeit sucht die Fu\u00dfball-Jugendabteilung des VfB Rot-Weiss 1969 Petterweil e.V. weitere Unterst\u00fctzung im Trainer- und Betreuerbereich. Falls Sie Interesse an der Arbeit mit Kindern und Jugendlichen haben, fu\u00dfballbegeistert sind und aktiv am Vereinsleben teilnehmen m\u00f6chten, dann bitte melden unter simone.pfeil@vfbpetterweil.de. Wir freuen uns auf Sie! Also worauf noch warten? Ein Tag ohne Fu\u00dfball ist ein verlorener Tag!<\/p>\n","protected":false},"excerpt":{"rendered":"<p>Herzlich Willkommen bei der Jugend des VfB Rot-Wei\u00df 1969 Petterweil e.V. Unser Verein bietet ab dem Alter von 4 Jahren Jungen und M\u00e4dchen die M\u00f6glichkeit [&#8230;]<\/p>\n","protected":false},"author":1,"featured_media":0,"parent":0,"menu_order":1,"comment_status":"closed","ping_status":"closed","template":"","meta":{"footnotes":"","_links_to":"","_links_to_target":""},"_links":{"self":[{"href":"https:\/\/vfbpetterweil.de\/main\/wp-json\/wp\/v2\/pages\/49"}],"collection":[{"href":"https:\/\/vfbpetterweil.de\/main\/wp-json\/wp\/v2\/pages"}],"about":[{"href":"https:\/\/vfbpetterweil.de\/main\/wp-json\/wp\/v2\/types\/page"}],"author":[{"embeddable":true,"href":"https:\/\/vfbpetterweil.de\/main\/wp-json\/wp\/v2\/users\/1"}],"replies":[{"embeddable":true,"href":"https:\/\/vfbpetterweil.de\/main\/wp-json\/wp\/v2\/comments?post=49"}],"version-history":[{"count":14,"href":"https:\/\/vfbpetterweil.de\/main\/wp-json\/wp\/v2\/pages\/49\/revisions"}],"predecessor-version":[{"id":1256,"href":"https:\/\/vfbpetterweil.de\/main\/wp-json\/wp\/v2\/pages\/49\/revisions\/1256"}],"wp:attachment":[{"href":"https:\/\/vfbpetterweil.de\/main\/wp-json\/wp\/v2\/media?parent=49"}],"curies":[{"name":"wp","href":"https:\/\/api.w.org\/{rel}","templated":true}]}}